{"id":55,"date":"2015-09-08T17:18:04","date_gmt":"2015-09-08T17:18:04","guid":{"rendered":"http:\/\/natur-wandel.de\/?page_id=55"},"modified":"2021-03-17T17:52:56","modified_gmt":"2021-03-17T17:52:56","slug":"produkte","status":"publish","type":"page","link":"https:\/\/natur-wandel.de\/?page_id=55","title":{"rendered":"Meine Produkte"},"content":{"rendered":"<p style=\"text-align: left;\">Die Produkte, mit denen ich arbeite, enthalten ausschlie\u00dflich naturbelassene Inhaltsstoffe, keinerlei Konservierungs-, Farb- oder Duftstoffe, keine Farbverst\u00e4rker, keine Paraffine oder Paraffinderivate, keine Peroxyde oder Ammoniak und keine chemischen Emulgatoren. Alle Produkte werden auf der Basis von nat\u00fcrlichen, nachwachsenden Rohstoffen hergestellt.<img decoding=\"async\" loading=\"lazy\" class=\"alignright size-medium wp-image-221\" src=\"http:\/\/natur-wandel.de\/wp-content\/uploads\/2015\/09\/IMG_8991-293x300.jpg\" alt=\"\" width=\"293\" height=\"300\" srcset=\"https:\/\/natur-wandel.de\/wp-content\/uploads\/2015\/09\/IMG_8991-293x300.jpg 293w, https:\/\/natur-wandel.de\/wp-content\/uploads\/2015\/09\/IMG_8991-1000x1024.jpg 1000w\" sizes=\"(max-width: 293px) 100vw, 293px\" \/><\/p>\n<p style=\"text-align: left;\"><!--more--><\/p>\n<p style=\"text-align: left;\">Pflanzenhaarfarben sind ein nat\u00fcrliches Mittel, um Ihrem Haar Farbe, seidigen Glanz und mehr Volumen zu schenken. Lassen Sie sich von der F\u00e4rbekraft der Pflanzenhaarfarben \u00fcberzeugen \u2013 einzig mit der Kraft der Natur. Selbst graues Haar wird oftmals in einem F\u00e4rbeschritt abgedeckt.<\/p>\n<p style=\"text-align: left;\">Die Pflanzenhaarfarben werden regelm\u00e4\u00dfig durch ein unabh\u00e4ngiges, zertifiziertes Labor auf Schwermetalle&nbsp;und andere Gifte untersucht.<\/p>\n<p style=\"text-align: left;\">Ich f\u00fchre Produkte der Firmen:<\/p>\n<ul>\n<li style=\"text-align: left;\"><a href=\"http:\/\/www.sanoll.at\">Sanoll<\/a><\/li>\n<li style=\"text-align: left;\"><a href=\"http:\/\/www.oliebe.com\">Oliebe<\/a><\/li>\n<li><a style=\"font-size: inherit;\" href=\"http:\/\/www.lavita.de\">LaVita<\/a><\/li>\n<li><a href=\"http:\/\/www.tiroler-kraeuterhof-naturkosmetik.com\">Tiroler Kr\u00e4uterhof<\/a><\/li>\n<\/ul>\n<p style=\"text-align: left;\">&nbsp;<\/p>\n<hr style=\"border: dashed #00ff00 0px; background-color: #6acf63; height: 5px;\">\n\n","protected":false},"excerpt":{"rendered":"<p>Die Produkte, mit denen ich arbeite, enthalten ausschlie\u00dflich naturbelassene Inhaltsstoffe, keinerlei Konservierungs-, Farb- oder Duftstoffe, keine Farbverst\u00e4rker, keine Paraffine oder Paraffinderivate, keine Peroxyde oder Ammoniak und keine chemischen Emulgatoren. Alle Produkte werden auf der Basis von nat\u00fcrlichen, nachwachsenden Rohstoffen hergestellt.<\/p>\n","protected":false},"author":1,"featured_media":0,"parent":0,"menu_order":6,"comment_status":"closed","ping_status":"closed","template":"","meta":{"ngg_post_thumbnail":0},"_links":{"self":[{"href":"https:\/\/natur-wandel.de\/index.php?rest_route=\/wp\/v2\/pages\/55"}],"collection":[{"href":"https:\/\/natur-wandel.de\/index.php?rest_route=\/wp\/v2\/pages"}],"about":[{"href":"https:\/\/natur-wandel.de\/index.php?rest_route=\/wp\/v2\/types\/page"}],"author":[{"embeddable":true,"href":"https:\/\/natur-wandel.de\/index.php?rest_route=\/wp\/v2\/users\/1"}],"replies":[{"embeddable":true,"href":"https:\/\/natur-wandel.de\/index.php?rest_route=%2Fwp%2Fv2%2Fcomments&post=55"}],"version-history":[{"count":9,"href":"https:\/\/natur-wandel.de\/index.php?rest_route=\/wp\/v2\/pages\/55\/revisions"}],"predecessor-version":[{"id":608,"href":"https:\/\/natur-wandel.de\/index.php?rest_route=\/wp\/v2\/pages\/55\/revisions\/608"}],"wp:attachment":[{"href":"https:\/\/natur-wandel.de\/index.php?rest_route=%2Fwp%2Fv2%2Fmedia&parent=55"}],"curies":[{"name":"wp","href":"https:\/\/api.w.org\/{rel}","templated":true}]}}