{"id":202,"date":"2015-09-10T15:59:08","date_gmt":"2015-09-10T15:59:08","guid":{"rendered":"http:\/\/natur-wandel.de\/?page_id=202"},"modified":"2022-03-16T09:47:22","modified_gmt":"2022-03-16T09:47:22","slug":"kontaktt","status":"publish","type":"page","link":"https:\/\/natur-wandel.de\/?page_id=202","title":{"rendered":"Kontakt \/ Anfahrt"},"content":{"rendered":"<h3>Kontakt<\/h3>\n<p>M\u00f6chten Sie gerne mehr \u00fcber meine Arbeit erfahren, einen Termin bzw. Beratungstermin vereinbaren, k\u00f6nnen Sie mich direkt kontaktieren.<\/p>\n<p><!--more-->Natur Wandel &#8211; Naturfriseur<br \/>\nInhaberin: Birgit Leis &#8211;&nbsp;Friseurmeisterin<\/p>\n<p>Adresse:<br \/>\nAm Rain 2<br \/>\n63571 Gelnhausen<\/p>\n<p>Telefon: 06051- 97 71 425<br \/>\nE-Mail:&nbsp;<a href=\"mailto:info@natur-wandel.de\">info@natur-wandel.de<\/a><\/p>\n<p>&nbsp;<\/p>\n<h3>Anfahrt<\/h3>\n<p><iframe loading=\"lazy\" style=\"border: 0;\" src=\"https:\/\/www.google.com\/maps\/embed?pb=!1m18!1m12!1m3!1d2553.806395756849!2d9.1912857!3d50.20214970000001!2m3!1f0!2f0!3f0!3m2!1i1024!2i768!4f13.1!3m3!1m2!1s0x47bd25bab726a335%3A0x6739b780844c77e4!2sNaturfriseur+Inh.+Birgit+Dippel!5e0!3m2!1sde!2sde!4v1441900587530\" width=\"600\" height=\"450\" frameborder=\"0\" allowfullscreen=\"allowfullscreen\"><\/iframe><\/p>\n<hr style=\"border: dashed #00ff00 0px; background-color: #6acf63; height: 5px;\">\n","protected":false},"excerpt":{"rendered":"<p>Kontakt M\u00f6chten Sie gerne mehr \u00fcber meine Arbeit erfahren, einen Termin bzw. Beratungstermin vereinbaren, k\u00f6nnen Sie mich direkt kontaktieren.<\/p>\n","protected":false},"author":1,"featured_media":0,"parent":0,"menu_order":8,"comment_status":"closed","ping_status":"closed","template":"","meta":{"ngg_post_thumbnail":0},"_links":{"self":[{"href":"https:\/\/natur-wandel.de\/index.php?rest_route=\/wp\/v2\/pages\/202"}],"collection":[{"href":"https:\/\/natur-wandel.de\/index.php?rest_route=\/wp\/v2\/pages"}],"about":[{"href":"https:\/\/natur-wandel.de\/index.php?rest_route=\/wp\/v2\/types\/page"}],"author":[{"embeddable":true,"href":"https:\/\/natur-wandel.de\/index.php?rest_route=\/wp\/v2\/users\/1"}],"replies":[{"embeddable":true,"href":"https:\/\/natur-wandel.de\/index.php?rest_route=%2Fwp%2Fv2%2Fcomments&post=202"}],"version-history":[{"count":10,"href":"https:\/\/natur-wandel.de\/index.php?rest_route=\/wp\/v2\/pages\/202\/revisions"}],"predecessor-version":[{"id":621,"href":"https:\/\/natur-wandel.de\/index.php?rest_route=\/wp\/v2\/pages\/202\/revisions\/621"}],"wp:attachment":[{"href":"https:\/\/natur-wandel.de\/index.php?rest_route=%2Fwp%2Fv2%2Fmedia&parent=202"}],"curies":[{"name":"wp","href":"https:\/\/api.w.org\/{rel}","templated":true}]}}