{"id":177,"date":"2015-09-10T14:53:25","date_gmt":"2015-09-10T14:53:25","guid":{"rendered":"http:\/\/natur-wandel.de\/?page_id=177"},"modified":"2025-10-09T19:42:53","modified_gmt":"2025-10-09T19:42:53","slug":"unser-konzeptt","status":"publish","type":"page","link":"https:\/\/natur-wandel.de\/?page_id=177","title":{"rendered":"unsere Philosophie"},"content":{"rendered":"<h3>Nat\u00fcrlichkeit, Achtsamkeit und Harmonie<\/h3>\n<p>stehen im Mittelpunkt unserer Arbeit. Als Naturfriseurinnen verbinden wir handwerkliches K\u00f6nnen mit ganzheitlichem Denken &#8211; f\u00fcr gesundes Haar, dass aus der Balance von K\u00f6rper, Geist und Natur entsteht.<\/p>\n<p>Wir arbeiten mit reinen, 100% nat\u00fcrlichen Produkten und nehmen uns Zeit, um individuell auf Sie und Ihr Haar einzugehen.<\/p>\n<h3>&nbsp;<\/h3>\n<h3>&nbsp;<\/h3>\n<h3 style=\"text-align: justify;\">Haare \u2013 Ein Schatz f\u00fcr die Kopfhaut<\/h3>\n<p style=\"text-align: justify;\">Die Haare sind nicht nur ein Schatz f\u00fcr die Kopfhaut, sondern auch ein nat\u00fcrlicher Schmuck des Menschen.<br \/>\nAuch im Ayurveda gelten Haare als Krone der Pers\u00f6nlichkeit. F\u00fcr wirklich sch\u00f6ne, gl\u00e4nzende Haare braucht genau die Kopfhaut Massage und Reinigung.<\/p>\n<p style=\"text-align: justify;\"><!--more-->B\u00fcrsten mit einer Natur-Haarb\u00fcrste aus Wildschweinborsten, wirkt wie ein Peeling auf die Kopfhaut und ist eine nat\u00fcrliche und unerl\u00e4ssliche Pflege von hoher Qualit\u00e4t.<\/p>\n<h3>&nbsp;<\/h3>\n<h3>&nbsp;<\/h3>\n<h3 style=\"text-align: justify;\">Warum Naturfriseur?<\/h3>\n<p style=\"text-align: justify;\">W\u00e4hrend unserer langj\u00e4hrigen T\u00e4tigkeit im konventionellen Friseurbetrieb haben wir die Erfahrung gemacht, dass immer mehr Kunden Haut- und Haarprobleme bzw. Allergien bekommen. Unserer Gesundheit und der Gesundheit der Kunden zuliebe, arbeiten wir ausschlie\u00dflich mit Naturkosmetikprodukten.<\/p>\n<p style=\"text-align: justify;\">Unser ganzheitliches Konzept beinhaltet eine individuelle und ausf\u00fchrliche Beratung f\u00fcr Haar und Haut, Farbver\u00e4nderung mit 100% Pflanzenfarbe und energetischen Haarschnitten.&nbsp;<\/p>\n<p>Jeder Termin findet in ruhiger Atmosph\u00e4re und ohne weitere Kunden statt, ohne Hektik, ohne Ablenkung. Ich nehme mir ausschlie\u00dflich Zeit f\u00fcr Sie. Ihr Friseurbesuch soll ein Moment der Ruhe sein, in dem Sie einfach Sie selbst sein d\u00fcrfen.<\/p>\n<p>&nbsp;<\/p>\n<p>&nbsp;<\/p>\n<h3 style=\"text-align: justify;\">Bei Allergien, Haut- und Haarproblemen stehen ich Ihnen gerne beratend zur Seite.<\/h3>\n<p style=\"text-align: justify;\">Die Produkte mit denen ich arbeite, enthalten ausschlie\u00dflich naturbelassene Inhaltsstoffe, keinerlei Konservierungs- oder Farbstoffe, keine Paraffine oder Paraffinderivate und keine chemischen Emulgatoren.<\/p>\n<p style=\"text-align: left;\">Ich f\u00fchre Produkte der Firmen:<\/p>\n<ul>\n<li style=\"text-align: left;\"><a href=\"http:\/\/www.sanoll.at\">Sanoll<\/a><\/li>\n<li style=\"text-align: left;\"><a href=\"http:\/\/www.oliebe.com\">Oliebe<\/a><\/li>\n<li style=\"text-align: left;\"><a href=\"http:\/\/www.lavita.de\">LaVita<\/a><\/li>\n<li style=\"text-align: left;\"><a href=\"http:\/\/www.tiroler-kraeuterhof-naturkosmetik.com\">Tiroler Kr\u00e4uterhof<\/a><\/li>\n<\/ul>\n","protected":false},"excerpt":{"rendered":"<p>Nat\u00fcrlichkeit, Achtsamkeit und Harmonie stehen im Mittelpunkt unserer Arbeit. Als Naturfriseurinnen verbinden wir handwerkliches K\u00f6nnen mit ganzheitlichem Denken &#8211; f\u00fcr gesundes Haar, dass aus der Balance von K\u00f6rper, Geist und Natur entsteht. Wir arbeiten mit reinen, 100% nat\u00fcrlichen Produkten und nehmen uns Zeit, um individuell auf Sie und Ihr Haar einzugehen. &nbsp; &nbsp; Haare \u2013 [&hellip;]<\/p>\n","protected":false},"author":1,"featured_media":0,"parent":0,"menu_order":7,"comment_status":"closed","ping_status":"closed","template":"","meta":{"ngg_post_thumbnail":0},"_links":{"self":[{"href":"https:\/\/natur-wandel.de\/index.php?rest_route=\/wp\/v2\/pages\/177"}],"collection":[{"href":"https:\/\/natur-wandel.de\/index.php?rest_route=\/wp\/v2\/pages"}],"about":[{"href":"https:\/\/natur-wandel.de\/index.php?rest_route=\/wp\/v2\/types\/page"}],"author":[{"embeddable":true,"href":"https:\/\/natur-wandel.de\/index.php?rest_route=\/wp\/v2\/users\/1"}],"replies":[{"embeddable":true,"href":"https:\/\/natur-wandel.de\/index.php?rest_route=%2Fwp%2Fv2%2Fcomments&post=177"}],"version-history":[{"count":25,"href":"https:\/\/natur-wandel.de\/index.php?rest_route=\/wp\/v2\/pages\/177\/revisions"}],"predecessor-version":[{"id":679,"href":"https:\/\/natur-wandel.de\/index.php?rest_route=\/wp\/v2\/pages\/177\/revisions\/679"}],"wp:attachment":[{"href":"https:\/\/natur-wandel.de\/index.php?rest_route=%2Fwp%2Fv2%2Fmedia&parent=177"}],"curies":[{"name":"wp","href":"https:\/\/api.w.org\/{rel}","templated":true}]}}